{"id":1852,"date":"2018-12-11T06:33:34","date_gmt":"2018-12-11T06:33:34","guid":{"rendered":"http:\/\/democontent.codex-themes.com\/sites\/logistic-transport\/?page_id=18"},"modified":"2024-01-16T14:23:04","modified_gmt":"2024-01-16T14:23:04","slug":"our-company","status":"publish","type":"page","link":"https:\/\/roncallibusinessgroup.com\/?page_id=1852","title":{"rendered":"QUI SOMMES-NOUS ?"},"content":{"rendered":"<div class=\"wpb-content-wrapper\"><p>[vc_row equal_height=&#8221;yes&#8221;][vc_column width=&#8221;1\/2&#8243;][vc_column_text]Roncalli Business Group trouve son origine dans une v\u00e9ritable passion pour la construction. Avec une d\u00e9cennie d&#8217;exp\u00e9rience dans les travaux civils, industriels, et la r\u00e9habilitation au Maroc, notre soci\u00e9t\u00e9 a \u00e9merg\u00e9 afin d&#8217;accompagner activement nos clients dans leurs projets. Nous nous distinguons par une gamme \u00e9tendue de services, de la conception de projet \u00e0 la gestion de chantier, en mettant l&#8217;accent sur la recherche de fournisseurs sp\u00e9cialis\u00e9s. Notre approche novatrice offre au client la libert\u00e9 de choisir parmi plusieurs propositions \u00e0 chaque \u00e9tape, tout en assurant un suivi, une s\u00e9curit\u00e9, et un contr\u00f4le rigoureux du chantier. Notre engagement se traduit par le respect strict des d\u00e9lais, du budget, la gestion comptable du chantier, et la garantie de travaux de qualit\u00e9. En aboutissement, nous livrons des projets cl\u00e9s en main, concr\u00e9tisant ainsi la vision unique de chaque client.[\/vc_column_text][\/vc_column][vc_column width=&#8221;1\/2&#8243; css_animation=&#8221;fadeIn&#8221; css=&#8221;.vc_custom_1550402874611{padding-top: 0px !important;background-position: center !important;background-repeat: no-repeat !important;background-size: cover !important;}&#8221;][vc_single_image image=&#8221;1986&#8243; img_size=&#8221;full&#8221;][\/vc_column][\/vc_row][vc_row][vc_column]<div id=\"fullwidth-block-69d8c7f605df9\" class=\"fullwidth-block clearfix\"  style=\"background-color: #252432;padding-top: 120px;padding-bottom: 90px;\"><script type=\"text\/javascript\">if (typeof(gem_fix_fullwidth_position) == \"function\") { gem_fix_fullwidth_position(document.getElementById(\"fullwidth-block-69d8c7f605df9\")); }<\/script><div class=\"fullwidth-block-background\" style=\"background-image: url(https:\/\/roncallibusinessgroup.com\/wp-content\/uploads\/2023\/11\/projet-ingenierie-construction-batiments-numeriques-concept-futuriste_950002-30269-1.jpg);background-repeat: no-repeat; background-size: cover;background-position: center top;\"><\/div><div class=\"fullwidth-block-inner\"><div class=\"container\">[vc_row_inner][vc_column_inner width=&#8221;1\/3&#8243; css=&#8221;.vc_custom_1544625039867{padding-top: 0px !important;}&#8221;][vc_column_text]<\/p>\n<div class=\"title-xlarge\"><span style=\"color: #dd1b3c; font-size: 70px; line-height: 70px; padding-right: 25px; display: inline-block; width: 144px;\">01.<\/span><span class=\"title-h5\" style=\"display: inline-block; height: 50px; width: 215px; line-height: 35px; color: #fff;\">EXP\u00c9RIENCE D\u00c9CENNALE, &amp; &amp; SUCC\u00c8S PROUV\u00c9S.<\/span><\/div>\n<p>[\/vc_column_text][\/vc_column_inner][vc_column_inner width=&#8221;1\/3&#8243; css=&#8221;.vc_custom_1544625177537{padding-top: 0px !important;}&#8221;][vc_column_text]<\/p>\n<div class=\"title-xlarge\"><span style=\"color: #dd1b3c; font-size: 70px; line-height: 70px; padding-right: 25px; display: inline-block; width: 144px;\">02.<\/span><span class=\"title-h5\" style=\"display: inline-block; height: 50px; width: 215px; line-height: 35px; color: #fff;\">CR\u00c9ATIVIT\u00c9, R\u00c9SULTATS EXCEPTIONNELS.<br \/>\n<\/span><\/div>\n<p>[\/vc_column_text][\/vc_column_inner][vc_column_inner width=&#8221;1\/3&#8243; css=&#8221;.vc_custom_1544625188723{padding-top: 0px !important;}&#8221;][vc_column_text]<\/p>\n<div class=\"title-xlarge\"><span style=\"color: #dd1b3c; font-size: 70px; line-height: 70px; padding-right: 25px; display: inline-block; width: 144px;\">03.<\/span><span class=\"title-h5\" style=\"display: inline-block; height: 50px; width: 215px; line-height: 35px; color: #fff;\">COLLABORATION ITALIENNE, CONSEILS \u00c9LARGIS.<\/span><\/div>\n<p>[\/vc_column_text][\/vc_column_inner][\/vc_row_inner]<\/div><\/div><div class=\"fullwidth-bottom-marker marker-direction-outside\"><svg width=\"140\" height=\"70\" style=\"fill: #252432\"><path d=\"M 0,0 Q 65,5 70,70 Q 75,5 140,0\" \/><\/svg><\/div><\/div>[\/vc_column][\/vc_row][vc_row css=&#8221;.vc_custom_1553263792928{margin-top: 100px !important;margin-bottom: 20px !important;}&#8221;][vc_column el_class=&#8221;custom-counter&#8221;]<div data-number-format=\"(ddd).ddd\" class=\"gem-counter-box row inline-row inline-row-center gem-counter-style-1 lazy-loading lazy-loading-not-hide\" ><div class=\"gem-counter col-md-4 col-sm-6 col-xs-12 inline-column gem-counter-effect-simple\" ><div class=\"gem-counter-inner\"><div class=\"gem-counter-icon\"><div class=\"gem-icon gem-icon-pack-material gem-icon-size-xlarge  gem-icon-shape-square gem-simple-icon\"  style=\"opacity: 1;\"><div class=\"gem-icon-inner\" style=\"\"><span class=\"gem-icon-half-1\" style=\"color: #dd1b3d;\"><span class=\"back-angle\">&#xf23b;<\/span><\/span><span class=\"gem-icon-half-2\" style=\"color: #dd1b3d;\"><span class=\"back-angle\">&#xf23b;<\/span><\/span><\/div><\/div><\/div><div class=\"gem-counter-number\"><div class=\"gem-counter-odometer\" data-to=\"56\">0<\/div><\/div><\/div><\/div><\/div>[vc_column_text css=&#8221;.vc_custom_1700769544252{margin-top: -50px !important;}&#8221;]<\/p>\n<div class=\"title-h5\" style=\"text-align: center;\">projets livr\u00e9s<\/div>\n<p>[\/vc_column_text]<div class=\"clearboth\"><\/div><style>#thegem-divider-69d8c7f605f39 {margin-top: 100px !important;}<\/style><div id=\"thegem-divider-69d8c7f605f39\" class=\"gem-divider  divider-hidden\" style=\"\" ><\/div>[\/vc_column][\/vc_row][vc_row full_width=&#8221;stretch_row&#8221; css=&#8221;.vc_custom_1700772500043{margin-bottom: 0px !important;padding-bottom: 0px !important;background-color: #f1f0f5 !important;}&#8221;][vc_column]<div class=\"thegem-te-heading thegem-custom-69d8c7f60609c8249\" ><h3 id=\"thegem-heading-69d8c7f60605d\" class=\"thegem-heading\" style=\"text-align: left;\" ><span>Structure Organisationnelle : Notre \u00c9quipe, Notre Force<\/span><\/h3><style type=\"text\/css\">#thegem-heading-69d8c7f60605d {margin: 0;}#thegem-heading-69d8c7f60605d a:hover, #thegem-heading-69d8c7f60605d a:hover span.colored {color: var(--thegem-to-menu-level1-color-hover, #00BCD4) !important;}<\/style><\/div><style>@media screen and (max-width: 1023px) {.thegem-te-heading.thegem-custom-69d8c7f60609c8249{display: block!important;}}@media screen and (max-width: 767px) {.thegem-te-heading.thegem-custom-69d8c7f60609c8249{display: block!important;}}@media screen and (max-width: 1023px) {.thegem-te-heading.thegem-custom-69d8c7f60609c8249{position: relative !important;}}@media screen and (max-width: 767px) {.thegem-te-heading.thegem-custom-69d8c7f60609c8249{position: relative !important;}}<\/style><div class=\"clearboth\"><\/div><style>#thegem-divider-69d8c7f6060d7 {margin-top: 80px !important;}<\/style><div id=\"thegem-divider-69d8c7f6060d7\" class=\"gem-divider  divider-hidden\" style=\"\" ><\/div>[vc_single_image image=&#8221;2216&#8243; img_size=&#8221;full&#8221; alignment=&#8221;center&#8221; style=&#8221;vc_box_rounded&#8221;][\/vc_column][\/vc_row][vc_row full_width=&#8221;stretch_row&#8221; css=&#8221;.vc_custom_1545289909518{margin-bottom: 0px !important;padding-bottom: 65px !important;background-color: #f1f0f5 !important;}&#8221;][vc_column width=&#8221;1\/2&#8243;]<div class=\"clearboth\"><\/div><style>#thegem-divider-69d8c7f6060ea {margin-top: 80px !important;}<\/style><div id=\"thegem-divider-69d8c7f6060ea\" class=\"gem-divider  divider-hidden\" style=\"\" ><\/div>[vc_column_text css=&#8221;.vc_custom_1700769916278{padding-top: 20px !important;}&#8221;]<\/p>\n<div class=\"title-h2 styled-subtitle\" style=\"text-align: left;\"><span style=\"color: #3c3950;\">nos missions<\/span><\/div>\n<p>[\/vc_column_text]<div class=\"clearboth\"><\/div><style>#thegem-divider-69d8c7f6060f8 {margin-top: 60px !important;}<\/style><div id=\"thegem-divider-69d8c7f6060f8\" class=\"gem-divider  \" style=\"\" ><\/div>[vc_column_text]<\/p>\n<p style=\"display: block; max-width: 850px; margin: auto; text-align: left;\"><span style=\"color: #5f727f;\">Transformer les visions en r\u00e9alit\u00e9 avec une excellence construite sur l&#8217;innovation et l&#8217;engagement envers la satisfaction client.<\/span><\/p>\n<p>[\/vc_column_text]<div class=\"clearboth\"><\/div><style>#thegem-divider-69d8c7f60610d {margin-top: 80px !important;}<\/style><div id=\"thegem-divider-69d8c7f60610d\" class=\"gem-divider  divider-hidden\" style=\"\" ><\/div><div class=\"lazy-loading\" data-ll-item-delay=\"0\"><div class=\"gem-textbox  lazy-loading-item\"  data-ll-effect=\"move-up\" ><div class=\"gem-textbox-inner\" style=\"border: 1px solid #cccccc;\"><div class=\"gem-textbox-content\" style=\"background-position: center top;padding-top: 8px;padding-bottom: 16px;\"><div class=\"gem-dropcap gem-dropcap-shape-circle gem-dropcap-style-medium\"><span class=\"gem-dropcap-letter\" style=\"color: #ffffff;background-color: #980633;\">1<\/span><\/div>[vc_column_text]<span style=\"color: #980633;\">Transformer les visions en r\u00e9alit\u00e9.<\/span>[\/vc_column_text]<\/div><\/div><\/div><\/div><div class=\"clearboth\"><\/div><style>#thegem-divider-69d8c7f6061c9 {margin-top: -25px !important;}<\/style><div id=\"thegem-divider-69d8c7f6061c9\" class=\"gem-divider  \" style=\"\" ><\/div><div class=\"lazy-loading\" data-ll-item-delay=\"0\"><div class=\"gem-textbox  lazy-loading-item\"  data-ll-effect=\"move-up\" ><div class=\"gem-textbox-inner\" style=\"border: 1px solid #cccccc;\"><div class=\"gem-textbox-content\" style=\"background-position: center top;padding-top: 8px;padding-bottom: 16px;\"><div class=\"gem-dropcap gem-dropcap-shape-circle gem-dropcap-style-medium\"><span class=\"gem-dropcap-letter\" style=\"color: #ffffff;background-color: #dd1b3c;\">2<\/span><\/div>[vc_column_text]<span style=\"color: #dd1b3c;\">Excellence construite sur l\u2019innovation.<\/span>[\/vc_column_text]<\/div><\/div><\/div><\/div><div class=\"clearboth\"><\/div><style>#thegem-divider-69d8c7f606231 {margin-top: -25px !important;}<\/style><div id=\"thegem-divider-69d8c7f606231\" class=\"gem-divider  \" style=\"\" ><\/div><div class=\"lazy-loading\" data-ll-item-delay=\"0\"><div class=\"gem-textbox  lazy-loading-item\"  data-ll-effect=\"move-up\" ><div class=\"gem-textbox-inner\" style=\"border: 1px solid #cccccc;\"><div class=\"gem-textbox-content\" style=\"background-position: center top;padding-top: 8px;padding-bottom: 16px;\"><div class=\"gem-dropcap gem-dropcap-shape-circle gem-dropcap-style-medium\"><span class=\"gem-dropcap-letter\" style=\"color: #ffffff;background-color: #f6516d;\">3<\/span><\/div>[vc_column_text]<span style=\"color: #f6516d;\">Engagement envers la satisfaction client.<\/span>[\/vc_column_text]<\/div><\/div><\/div><\/div>[\/vc_column][vc_column width=&#8221;1\/2&#8243;]<div class=\"clearboth\"><\/div><style>#thegem-divider-69d8c7f606293 {margin-top: 80px !important;}<\/style><div id=\"thegem-divider-69d8c7f606293\" class=\"gem-divider  divider-hidden\" style=\"\" ><\/div>[vc_column_text css=&#8221;.vc_custom_1700770077767{padding-top: 20px !important;}&#8221;]<\/p>\n<div class=\"title-h2 styled-subtitle\" style=\"text-align: left;\"><span style=\"color: #3c3950;\">nos valeurs<\/span><\/div>\n<p>[\/vc_column_text]<div class=\"clearboth\"><\/div><style>#thegem-divider-69d8c7f6062a2 {margin-top: 60px !important;}<\/style><div id=\"thegem-divider-69d8c7f6062a2\" class=\"gem-divider  \" style=\"\" ><\/div>[vc_column_text]<\/p>\n<p style=\"display: block; max-width: 850px; margin: auto; text-align: left;\">Chez Roncalli Business Group, l&#8217;excellence est notre engagement ind\u00e9fectible, fond\u00e9 sur une confiance transparente et une cr\u00e9ativit\u00e9 perp\u00e9tuelle. Nous d\u00e9montrons notre responsabilit\u00e9 sociale et environnementale \u00e0 travers des partenariats durables, respectant toujours les d\u00e9lais et les budgets convenus.<\/p>\n<p>[\/vc_column_text]<div class=\"clearboth\"><\/div><style>#thegem-divider-69d8c7f6062b0 {margin-top: 80px !important;}<\/style><div id=\"thegem-divider-69d8c7f6062b0\" class=\"gem-divider  divider-hidden\" style=\"\" ><\/div>[vc_progress_bar values=&#8221;%5B%7B%22label%22%3A%22Engagement%20envers%20l&#8217;Excellence%20%22%2C%22value%22%3A%2276%22%7D%2C%7B%22label%22%3A%22Int%C3%A9grit%C3%A9%20et%20Transparence%22%2C%22value%22%3A%2280%22%7D%2C%7B%22label%22%3A%22Innovation%20Continuelle%20%22%2C%22value%22%3A%2265%22%7D%2C%7B%22label%22%3A%22Ponctualit%C3%A9%20Budg%C3%A9taire%22%2C%22value%22%3A%2281%22%7D%5D&#8221; bgcolor=&#8221;custom&#8221; options=&#8221;striped&#8221; custombgcolor=&#8221;#dd1b3c&#8221; customtxtcolor=&#8221;#ffffff&#8221; el_class=&#8221;freight&#8221;]<div class=\"clearboth\"><\/div><style>#thegem-divider-69d8c7f6062bd {margin-top: 100px !important;}<\/style><div id=\"thegem-divider-69d8c7f6062bd\" class=\"gem-divider  divider-hidden\" style=\"\" ><\/div>[\/vc_column][\/vc_row][vc_row][vc_column][vc_column_text css=&#8221;.vc_custom_1705413847524{padding-top: 20px !important;}&#8221;]<\/p>\n<div class=\"title-h2 styled-subtitle\" style=\"text-align: left;\"><span style=\"color: #3c3950;\">NOTRES TOP CUSTOMERS<br \/>\n<\/span><\/div>\n<p>[\/vc_column_text][vc_single_image image=&#8221;2208&#8243; img_size=&#8221;full&#8221; alignment=&#8221;center&#8221;][\/vc_column][\/vc_row]<\/p>\n<\/div>","protected":false},"excerpt":{"rendered":"<p>[vc_row equal_height=&#8221;yes&#8221;][vc_column width=&#8221;1\/2&#8243;][vc_column_text]Roncalli Business Group trouve son origine dans une v\u00e9ritable&#8230;<\/p>\n","protected":false},"author":1,"featured_media":0,"parent":1488,"menu_order":0,"comment_status":"closed","ping_status":"closed","template":"","meta":{"footnotes":""},"class_list":["post-1852","page","type-page","status-publish"],"_links":{"self":[{"href":"https:\/\/roncallibusinessgroup.com\/index.php?rest_route=\/wp\/v2\/pages\/1852","targetHints":{"allow":["GET"]}}],"collection":[{"href":"https:\/\/roncallibusinessgroup.com\/index.php?rest_route=\/wp\/v2\/pages"}],"about":[{"href":"https:\/\/roncallibusinessgroup.com\/index.php?rest_route=\/wp\/v2\/types\/page"}],"author":[{"embeddable":true,"href":"https:\/\/roncallibusinessgroup.com\/index.php?rest_route=\/wp\/v2\/users\/1"}],"replies":[{"embeddable":true,"href":"https:\/\/roncallibusinessgroup.com\/index.php?rest_route=%2Fwp%2Fv2%2Fcomments&post=1852"}],"version-history":[{"count":17,"href":"https:\/\/roncallibusinessgroup.com\/index.php?rest_route=\/wp\/v2\/pages\/1852\/revisions"}],"predecessor-version":[{"id":2217,"href":"https:\/\/roncallibusinessgroup.com\/index.php?rest_route=\/wp\/v2\/pages\/1852\/revisions\/2217"}],"up":[{"embeddable":true,"href":"https:\/\/roncallibusinessgroup.com\/index.php?rest_route=\/wp\/v2\/pages\/1488"}],"wp:attachment":[{"href":"https:\/\/roncallibusinessgroup.com\/index.php?rest_route=%2Fwp%2Fv2%2Fmedia&parent=1852"}],"curies":[{"name":"wp","href":"https:\/\/api.w.org\/{rel}","templated":true}]}}