{"id":27,"date":"2018-12-11T06:35:42","date_gmt":"2018-12-11T06:35:42","guid":{"rendered":"http:\/\/democontent.codex-themes.com\/sites\/logistic-transport\/?page_id=27"},"modified":"2024-01-24T19:41:38","modified_gmt":"2024-01-24T19:41:38","slug":"contact","status":"publish","type":"page","link":"https:\/\/roncallibusinessgroup.com\/?page_id=27","title":{"rendered":"Contact"},"content":{"rendered":"<div class=\"wpb-content-wrapper\"><p>[vc_row full_width=&#8221;stretch_row&#8221; css=&#8221;.vc_custom_1553779075829{margin-bottom: 0px !important;padding-top: 0px !important;background-image: url(https:\/\/roncallibusinessgroup.com\/wp-content\/uploads\/2018\/12\/2-4.jpg?id=738) !important;}&#8221;][vc_column css=&#8221;.vc_custom_1553779213800{padding-top: 0px !important;}&#8221;]<div class=\"clearboth\"><\/div><style>#thegem-divider-69e60ddca0463 {margin-top: 130px !important;}<\/style><div id=\"thegem-divider-69e60ddca0463\" class=\"gem-divider  divider-hidden\" style=\"\" ><\/div>[vc_column_text css=&#8221;.vc_custom_1700765685918{padding-bottom: 30px !important;}&#8221;]<\/p>\n<div class=\"title-h1\" style=\"text-align: center;\">Connectons-nous : Vos Projets, Notre Dialogue<\/div>\n<p>[\/vc_column_text]<div class=\"clearboth\"><\/div><style>#thegem-divider-69e60ddca047b {margin-top: 70px !important;}<\/style><div id=\"thegem-divider-69e60ddca047b\" class=\"gem-divider  divider-hidden\" style=\"\" ><\/div>[vc_row_inner][vc_column_inner width=&#8221;1\/3&#8243;]<div class=\"lazy-loading\" data-ll-item-delay=\"0\"><div class=\"gem-textbox  lazy-loading-item\"  data-ll-effect=\"move-up\" ><div class=\"gem-textbox-inner\" style=\"border: 1px solid #dfe5e8;\"><div class=\"gem-textbox-content\" style=\"background-color: #ffffff;background-position: center top;\"><div class=\"clearboth\"><\/div><style>#thegem-divider-69e60ddca04ed {margin-top: 17px !important;}<\/style><div id=\"thegem-divider-69e60ddca04ed\" class=\"gem-divider  \" style=\"\" ><\/div><div class=\"centered-box\"><div class=\"gem-icon gem-icon-pack-material gem-icon-size-medium  gem-icon-shape-circle\"  style=\"border-color: #f0f0f4;opacity: 1;\"><div class=\"gem-icon-inner\" style=\"background-color: #f0f0f4;\"><span class=\"gem-icon-half-1\" style=\"color: #dd1b3c;\"><span class=\"back-angle\">&#xf3e4;<\/span><\/span><span class=\"gem-icon-half-2\" style=\"color: #dd1b3c;\"><span class=\"back-angle\">&#xf3e4;<\/span><\/span><\/div><\/div><\/div><div class=\"clearboth\"><\/div><style>#thegem-divider-69e60ddca0516 {margin-top: 45px !important;}<\/style><div id=\"thegem-divider-69e60ddca0516\" class=\"gem-divider  \" style=\"\" ><\/div>[vc_column_text]<\/p>\n<div class=\"title-h5\" style=\"text-align: center;\">nous sommes ici<\/div>\n<p>[\/vc_column_text][vc_separator color=&#8221;juicy_pink&#8221; el_width=&#8221;20&#8243; css=&#8221;.vc_custom_1545453691943{margin-top: 22px !important;margin-bottom: 20px !important;}&#8221;][vc_column_text css_animation=&#8221;none&#8221;]<\/p>\n<p style=\"text-align: center;\">Rue de Fes \u2013 Centre ville<br \/>\nTanger \u2013 Maroc<\/p>\n<p>[\/vc_column_text]<div class=\"clearboth\"><\/div><style>#thegem-divider-69e60ddca051f {margin-top: 35px !important;}<\/style><div id=\"thegem-divider-69e60ddca051f\" class=\"gem-divider  \" style=\"\" ><\/div><\/div><\/div><\/div><\/div>[\/vc_column_inner][vc_column_inner width=&#8221;1\/3&#8243;]<div class=\"lazy-loading\" data-ll-item-delay=\"0\"><div class=\"gem-textbox  lazy-loading-item\"  data-ll-effect=\"move-up\" ><div class=\"gem-textbox-inner\" style=\"border: 1px solid #dfe5e8;\"><div class=\"gem-textbox-content\" style=\"background-color: #ffffff;background-position: center top;\"><div class=\"clearboth\"><\/div><style>#thegem-divider-69e60ddca056a {margin-top: 17px !important;}<\/style><div id=\"thegem-divider-69e60ddca056a\" class=\"gem-divider  \" style=\"\" ><\/div><div class=\"centered-box\"><div class=\"gem-icon gem-icon-pack-material gem-icon-size-medium  gem-icon-shape-circle\"  style=\"border-color: #f0f0f4;opacity: 1;\"><div class=\"gem-icon-inner\" style=\"background-color: #f0f0f4;\"><span class=\"gem-icon-half-1\" style=\"color: #dd1b3c;\"><span class=\"back-angle\">&#xf477;<\/span><\/span><span class=\"gem-icon-half-2\" style=\"color: #dd1b3c;\"><span class=\"back-angle\">&#xf477;<\/span><\/span><\/div><\/div><\/div><div class=\"clearboth\"><\/div><style>#thegem-divider-69e60ddca0585 {margin-top: 45px !important;}<\/style><div id=\"thegem-divider-69e60ddca0585\" class=\"gem-divider  \" style=\"\" ><\/div>[vc_column_text]<\/p>\n<div class=\"title-h5\" style=\"text-align: center;\">Appelez-nous<\/div>\n<p>[\/vc_column_text][vc_separator color=&#8221;juicy_pink&#8221; el_width=&#8221;20&#8243; css=&#8221;.vc_custom_1545453691943{margin-top: 22px !important;margin-bottom: 20px !important;}&#8221;][vc_column_text css_animation=&#8221;none&#8221;]<\/p>\n<p style=\"text-align: center;\">+212 6 55 19 91 28<br \/>\n+212 6 97 06 12 14<\/p>\n<div id=\"gtx-trans\" style=\"position: absolute; left: 174px; top: 8.5px;\">\n<div class=\"gtx-trans-icon\"><\/div>\n<\/div>\n<p>[\/vc_column_text]<div class=\"clearboth\"><\/div><style>#thegem-divider-69e60ddca058e {margin-top: 35px !important;}<\/style><div id=\"thegem-divider-69e60ddca058e\" class=\"gem-divider  \" style=\"\" ><\/div><\/div><\/div><\/div><\/div>[\/vc_column_inner][vc_column_inner width=&#8221;1\/3&#8243;]<div class=\"lazy-loading\" data-ll-item-delay=\"0\"><div class=\"gem-textbox  lazy-loading-item\"  data-ll-effect=\"move-up\" ><div class=\"gem-textbox-inner\" style=\"border: 1px solid #dfe5e8;\"><div class=\"gem-textbox-content\" style=\"background-color: #ffffff;background-position: center top;\"><div class=\"clearboth\"><\/div><style>#thegem-divider-69e60ddca05cf {margin-top: 17px !important;}<\/style><div id=\"thegem-divider-69e60ddca05cf\" class=\"gem-divider  \" style=\"\" ><\/div><div class=\"centered-box\"><div class=\"gem-icon gem-icon-pack-material gem-icon-size-medium  gem-icon-shape-circle\"  style=\"border-color: #f0f0f4;opacity: 1;\"><div class=\"gem-icon-inner\" style=\"background-color: #f0f0f4;\"><span class=\"gem-icon-half-1\" style=\"color: #dd1b3c;\"><span class=\"back-angle\">&#xf2af;<\/span><\/span><span class=\"gem-icon-half-2\" style=\"color: #dd1b3c;\"><span class=\"back-angle\">&#xf2af;<\/span><\/span><\/div><\/div><\/div><div class=\"clearboth\"><\/div><style>#thegem-divider-69e60ddca05e8 {margin-top: 45px !important;}<\/style><div id=\"thegem-divider-69e60ddca05e8\" class=\"gem-divider  \" style=\"\" ><\/div>[vc_column_text]<\/p>\n<div class=\"title-h5\" style=\"text-align: center;\">Envoyez-nous un Email<\/div>\n<p>[\/vc_column_text][vc_separator color=&#8221;juicy_pink&#8221; el_width=&#8221;20&#8243; css=&#8221;.vc_custom_1545453691943{margin-top: 22px !important;margin-bottom: 20px !important;}&#8221;][vc_column_text]<\/p>\n<p style=\"text-align: center;\">roncallibusinessgroup.maroc@gmail.com<\/p>\n<div id=\"gtx-trans\" style=\"position: absolute; left: 208px; top: 32px;\">\n<div class=\"gtx-trans-icon\"><\/div>\n<\/div>\n<p>[\/vc_column_text]<div class=\"clearboth\"><\/div><style>#thegem-divider-69e60ddca05f1 {margin-top: 35px !important;}<\/style><div id=\"thegem-divider-69e60ddca05f1\" class=\"gem-divider  \" style=\"\" ><\/div><\/div><\/div><\/div><\/div>[\/vc_column_inner][\/vc_row_inner]<div class=\"clearboth\"><\/div><style>#thegem-divider-69e60ddca0601 {margin-top: 110px !important;}<\/style><div id=\"thegem-divider-69e60ddca0601\" class=\"gem-divider  divider-hidden\" style=\"\" ><\/div>[\/vc_column][\/vc_row][vc_row css=&#8221;.vc_custom_1550586799851{margin-bottom: 0px !important;}&#8221;][vc_column css=&#8221;.vc_custom_1550586784729{padding-top: 0px !important;}&#8221;]<div id=\"fullwidth-block-69e60ddca0816\" class=\"fullwidth-block fullwidth-block-parallax-vertical clearfix\" data-mobile-parallax-enable=\"0\" style=\"\"><script type=\"text\/javascript\">if (typeof(gem_fix_fullwidth_position) == \"function\") { gem_fix_fullwidth_position(document.getElementById(\"fullwidth-block-69e60ddca0816\")); }<\/script><div class=\"fullwidth-block-background\" style=\"background-image: url(https:\/\/roncallibusinessgroup.com\/wp-content\/uploads\/2023\/11\/cons3-scaled.jpg);background-position: center top;\"><\/div><div class=\"fullwidth-block-inner\"><div class=\"container\"><div class=\"clearboth\"><\/div><style>#thegem-divider-69e60ddca0886 {margin-top: 90px !important;}<\/style><div id=\"thegem-divider-69e60ddca0886\" class=\"gem-divider  divider-hidden\" style=\"\" ><\/div>[vc_column_text css=&#8221;.vc_custom_1700876789111{margin-bottom: 0px !important;padding-top: 40px !important;}&#8221;]<\/p>\n<div class=\"title-h4\" style=\"text-align: center;\"><span style=\"color: #000000;\">CONTACTEZ-NOUS<\/span><\/div>\n<p>[\/vc_column_text][vc_column_text css=&#8221;.vc_custom_1700876802907{padding-bottom: 70px !important;}&#8221;]<\/p>\n<div class=\"title-h1\" style=\"text-align: center;\"><span style=\"color: #000000;\">OBTENIR PLUS D&#8217;INFORMATIONS<\/span><\/div>\n<p>[\/vc_column_text]<div class=\"clearboth\"><\/div><style>#thegem-divider-69e60ddca0894 {margin-top: 60px !important;}<\/style><div id=\"thegem-divider-69e60ddca0894\" class=\"gem-divider  divider-hidden\" style=\"\" ><\/div>\n<div class=\"wpcf7 no-js\" id=\"wpcf7-f397-o1\" lang=\"en-US\" dir=\"ltr\" data-wpcf7-id=\"397\">\n<div class=\"screen-reader-response\"><p role=\"status\" aria-live=\"polite\" aria-atomic=\"true\"><\/p> <ul><\/ul><\/div>\n<form action=\"\/index.php?rest_route=%2Fwp%2Fv2%2Fpages%2F27#wpcf7-f397-o1\" method=\"post\" class=\"wpcf7-form init gem-contact-form-dark\" aria-label=\"Contact form\" novalidate=\"novalidate\" data-status=\"init\">\n<fieldset class=\"hidden-fields-container\"><input type=\"hidden\" name=\"_wpcf7\" value=\"397\" \/><input type=\"hidden\" name=\"_wpcf7_version\" value=\"6.1.5\" \/><input type=\"hidden\" name=\"_wpcf7_locale\" value=\"en_US\" \/><input type=\"hidden\" name=\"_wpcf7_unit_tag\" value=\"wpcf7-f397-o1\" \/><input type=\"hidden\" name=\"_wpcf7_container_post\" value=\"0\" \/><input type=\"hidden\" name=\"_wpcf7_posted_data_hash\" value=\"\" \/>\n<\/fieldset>\n<div class=\"row\">\n<div  class=\"col-md-4\"><p class=\"gem-form-icon-name\"><span class=\"wpcf7-form-control-wrap\" data-name=\"fname\"><input size=\"40\" maxlength=\"400\" class=\"wpcf7-form-control wpcf7-text wpcf7-validates-as-required\" aria-required=\"true\" aria-invalid=\"false\" placeholder=\"Votre Nom*\" value=\"\" type=\"text\" name=\"fname\" \/><\/span><\/p><\/div>\n<div  class=\"col-md-4\"><p class=\"gem-form-icon-email\"><span class=\"wpcf7-form-control-wrap\" data-name=\"email\"><input size=\"40\" maxlength=\"400\" class=\"wpcf7-form-control wpcf7-email wpcf7-validates-as-required wpcf7-text wpcf7-validates-as-email\" aria-required=\"true\" aria-invalid=\"false\" placeholder=\"Votre Email*\" value=\"\" type=\"email\" name=\"email\" \/><\/span> <\/p><\/div>\n<div  class=\"col-md-4\"><p class=\"gem-form-icon-website\"><span class=\"wpcf7-form-control-wrap\" data-name=\"tel-576\"><input size=\"40\" maxlength=\"400\" class=\"wpcf7-form-control wpcf7-tel wpcf7-text wpcf7-validates-as-tel\" aria-invalid=\"false\" value=\"Votre Num\u00e9ro de T\u00e9l\u00e9phone\" type=\"tel\" name=\"tel-576\" \/><\/span> <\/p><\/div>\n<div  class=\"col-md-12\"><span class=\"wpcf7-form-control-wrap\" data-name=\"Messege\"><textarea cols=\"40\" rows=\"7\" maxlength=\"2000\" class=\"wpcf7-form-control wpcf7-textarea wpcf7-validates-as-required\" aria-required=\"true\" aria-invalid=\"false\" placeholder=\"Votre Message*\" name=\"Messege\"><\/textarea><\/span><\/div>\n<div  class=\"col-md-12\"><style type=\"text\/css\">.thegem-button-69e60ddca14db6847 .gem-button svg {fill: #ffffff;}.thegem-button-69e60ddca14db6847 .gem-button:hover svg {fill: #2d2940;}<\/style><div class=\"gem-button-container gem-button-position-fullwidth thegem-button-69e60ddca14db6847\"  ><input class=\"gem-button gem-button-size-medium gem-button-style-flat gem-button-text-weight-normal wpcf7-form-control wpcf7-submit has-spinner gem-button-wpcf-custom\" data-ll-effect=\"drop-right-without-wrap\" style=\"border-radius: 3px;background-color: #dd1b3c;color: #ffffff;\" onmouseleave=\"this.style.backgroundColor='#dd1b3c';this.style.color='#ffffff';\" onmouseenter=\"this.style.backgroundColor='#ffffff';this.style.color='#2d2940';\" id=\"\" tabindex=\"\" type=\"submit\" value=\"Envoyer Message\" \/><\/div> <\/div>\n<\/div><div class=\"wpcf7-response-output\" aria-hidden=\"true\"><\/div>\n<\/form>\n<\/div>\n<div class=\"clearboth\"><\/div><style>#thegem-divider-69e60ddca199b {margin-top: 90px !important;}<\/style><div id=\"thegem-divider-69e60ddca199b\" class=\"gem-divider  divider-hidden\" style=\"\" ><\/div><\/div><\/div><\/div>[\/vc_column][\/vc_row]<\/p>\n<\/div>","protected":false},"excerpt":{"rendered":"<p>[vc_row full_width=&#8221;stretch_row&#8221; css=&#8221;.vc_custom_1553779075829{margin-bottom: 0px !important;padding-top: 0px !important;background-image: url(https:\/\/roncallibusinessgroup.com\/wp-content\/uploads\/2018\/12\/2-4.jpg?id=738) !important;}&#8221;][vc_column css=&#8221;.vc_custom_1553779213800{padding-top: 0px&#8230;<\/p>\n","protected":false},"author":1,"featured_media":0,"parent":0,"menu_order":0,"comment_status":"closed","ping_status":"closed","template":"","meta":{"footnotes":""},"class_list":["post-27","page","type-page","status-publish"],"_links":{"self":[{"href":"https:\/\/roncallibusinessgroup.com\/index.php?rest_route=\/wp\/v2\/pages\/27","targetHints":{"allow":["GET"]}}],"collection":[{"href":"https:\/\/roncallibusinessgroup.com\/index.php?rest_route=\/wp\/v2\/pages"}],"about":[{"href":"https:\/\/roncallibusinessgroup.com\/index.php?rest_route=\/wp\/v2\/types\/page"}],"author":[{"embeddable":true,"href":"https:\/\/roncallibusinessgroup.com\/index.php?rest_route=\/wp\/v2\/users\/1"}],"replies":[{"embeddable":true,"href":"https:\/\/roncallibusinessgroup.com\/index.php?rest_route=%2Fwp%2Fv2%2Fcomments&post=27"}],"version-history":[{"count":15,"href":"https:\/\/roncallibusinessgroup.com\/index.php?rest_route=\/wp\/v2\/pages\/27\/revisions"}],"predecessor-version":[{"id":2220,"href":"https:\/\/roncallibusinessgroup.com\/index.php?rest_route=\/wp\/v2\/pages\/27\/revisions\/2220"}],"wp:attachment":[{"href":"https:\/\/roncallibusinessgroup.com\/index.php?rest_route=%2Fwp%2Fv2%2Fmedia&parent=27"}],"curies":[{"name":"wp","href":"https:\/\/api.w.org\/{rel}","templated":true}]}}